{"id":4006,"date":"2026-02-12T09:57:50","date_gmt":"2026-02-12T08:57:50","guid":{"rendered":"https:\/\/omarrakechsouk.com\/?post_type=product&#038;p=4006"},"modified":"2026-02-12T09:57:50","modified_gmt":"2026-02-12T08:57:50","slug":"chapeau-en-feuille-de-palmier-xxl","status":"publish","type":"product","link":"https:\/\/omarrakechsouk.com\/index.php\/produit\/chapeau-en-feuille-de-palmier-xxl\/","title":{"rendered":"CHAPEAU EN FEUILLE DE PALMIER XXL"},"content":{"rendered":"<p>Chapeau brod\u00e9<\/p>\n","protected":false},"excerpt":{"rendered":"<p>Chapeau en feuille de palmier brod\u00e9 \u00e0 la main<\/p>\n<p>L all\u00e9gresse l\u2019autre raison d exister !<\/p>\n<p>mati\u00e8re : feuille de palmier , laine noir<\/p>\n<p>dimensions : 70 cm<\/p>\n","protected":false},"featured_media":4010,"template":"","meta":[],"product_cat":[15,116],"product_tag":[],"class_list":{"0":"post-4006","1":"product","2":"type-product","3":"status-publish","4":"has-post-thumbnail","6":"product_cat-nouveautes","7":"product_cat-chapeau","9":"first","10":"instock","11":"purchasable","12":"product-type-simple"},"yoast_head":"<!-- This site is optimized with the Yoast SEO plugin v24.7 - https:\/\/yoast.com\/wordpress\/plugins\/seo\/ -->\n<title>CHAPEAU EN FEUILLE DE PALMIER XXL - OMARRAKECHSOUK<\/title>\n<meta name=\"robots\" content=\"index, follow, max-snippet:-1, max-image-preview:large, max-video-preview:-1\" \/>\n<link rel=\"canonical\" href=\"https:\/\/omarrakechsouk.com\/index.php\/produit\/chapeau-en-feuille-de-palmier-xxl\/\" \/>\n<meta property=\"og:locale\" content=\"fr_FR\" \/>\n<meta property=\"og:type\" content=\"article\" \/>\n<meta property=\"og:title\" content=\"CHAPEAU EN FEUILLE DE PALMIER XXL - OMARRAKECHSOUK\" \/>\n<meta property=\"og:description\" content=\"Chapeau en feuille de palmier brod\u00e9 \u00e0 la main  L all\u00e9gresse l\u2019autre raison d exister !  mati\u00e8re : feuille de palmier , laine noir  dimensions : 70 cm\" \/>\n<meta property=\"og:url\" content=\"https:\/\/omarrakechsouk.com\/index.php\/produit\/chapeau-en-feuille-de-palmier-xxl\/\" \/>\n<meta property=\"og:site_name\" content=\"OMARRAKECHSOUK\" \/>\n<meta property=\"og:image\" content=\"https:\/\/omarrakechsouk.com\/wp-content\/uploads\/2026\/02\/IMG_6324.jpeg\" \/>\n\t<meta property=\"og:image:width\" content=\"1290\" \/>\n\t<meta property=\"og:image:height\" content=\"1726\" \/>\n\t<meta property=\"og:image:type\" content=\"image\/jpeg\" \/>\n<meta name=\"twitter:card\" content=\"summary_large_image\" \/>\n<meta name=\"twitter:label1\" content=\"Dur\u00e9e de lecture estim\u00e9e\" \/>\n\t<meta name=\"twitter:data1\" content=\"1 minute\" \/>\n<script type=\"application\/ld+json\" class=\"yoast-schema-graph\">{\"@context\":\"https:\/\/schema.org\",\"@graph\":[{\"@type\":\"WebPage\",\"@id\":\"https:\/\/omarrakechsouk.com\/index.php\/produit\/chapeau-en-feuille-de-palmier-xxl\/\",\"url\":\"https:\/\/omarrakechsouk.com\/index.php\/produit\/chapeau-en-feuille-de-palmier-xxl\/\",\"name\":\"CHAPEAU EN FEUILLE DE PALMIER XXL - OMARRAKECHSOUK\",\"isPartOf\":{\"@id\":\"https:\/\/omarrakechsouk.com\/#website\"},\"primaryImageOfPage\":{\"@id\":\"https:\/\/omarrakechsouk.com\/index.php\/produit\/chapeau-en-feuille-de-palmier-xxl\/#primaryimage\"},\"image\":{\"@id\":\"https:\/\/omarrakechsouk.com\/index.php\/produit\/chapeau-en-feuille-de-palmier-xxl\/#primaryimage\"},\"thumbnailUrl\":\"https:\/\/omarrakechsouk.com\/wp-content\/uploads\/2026\/02\/IMG_6324.jpeg\",\"datePublished\":\"2026-02-12T08:57:50+00:00\",\"breadcrumb\":{\"@id\":\"https:\/\/omarrakechsouk.com\/index.php\/produit\/chapeau-en-feuille-de-palmier-xxl\/#breadcrumb\"},\"inLanguage\":\"fr-FR\",\"potentialAction\":[{\"@type\":\"ReadAction\",\"target\":[\"https:\/\/omarrakechsouk.com\/index.php\/produit\/chapeau-en-feuille-de-palmier-xxl\/\"]}]},{\"@type\":\"ImageObject\",\"inLanguage\":\"fr-FR\",\"@id\":\"https:\/\/omarrakechsouk.com\/index.php\/produit\/chapeau-en-feuille-de-palmier-xxl\/#primaryimage\",\"url\":\"https:\/\/omarrakechsouk.com\/wp-content\/uploads\/2026\/02\/IMG_6324.jpeg\",\"contentUrl\":\"https:\/\/omarrakechsouk.com\/wp-content\/uploads\/2026\/02\/IMG_6324.jpeg\",\"width\":1290,\"height\":1726,\"caption\":\"Screenshot\"},{\"@type\":\"BreadcrumbList\",\"@id\":\"https:\/\/omarrakechsouk.com\/index.php\/produit\/chapeau-en-feuille-de-palmier-xxl\/#breadcrumb\",\"itemListElement\":[{\"@type\":\"ListItem\",\"position\":1,\"name\":\"Accueil\",\"item\":\"https:\/\/omarrakechsouk.com\/\"},{\"@type\":\"ListItem\",\"position\":2,\"name\":\"Boutique\",\"item\":\"https:\/\/omarrakechsouk.com\/index.php\/boutique\/\"},{\"@type\":\"ListItem\",\"position\":3,\"name\":\"CHAPEAU EN FEUILLE DE PALMIER XXL\"}]},{\"@type\":\"WebSite\",\"@id\":\"https:\/\/omarrakechsouk.com\/#website\",\"url\":\"https:\/\/omarrakechsouk.com\/\",\"name\":\"OMARRAKECHSOUK\",\"description\":\"Artisanat Marocain\",\"potentialAction\":[{\"@type\":\"SearchAction\",\"target\":{\"@type\":\"EntryPoint\",\"urlTemplate\":\"https:\/\/omarrakechsouk.com\/?s={search_term_string}\"},\"query-input\":{\"@type\":\"PropertyValueSpecification\",\"valueRequired\":true,\"valueName\":\"search_term_string\"}}],\"inLanguage\":\"fr-FR\"}]}<\/script>\n<!-- \/ Yoast SEO plugin. -->","yoast_head_json":{"title":"CHAPEAU EN FEUILLE DE PALMIER XXL - OMARRAKECHSOUK","robots":{"index":"index","follow":"follow","max-snippet":"max-snippet:-1","max-image-preview":"max-image-preview:large","max-video-preview":"max-video-preview:-1"},"canonical":"https:\/\/omarrakechsouk.com\/index.php\/produit\/chapeau-en-feuille-de-palmier-xxl\/","og_locale":"fr_FR","og_type":"article","og_title":"CHAPEAU EN FEUILLE DE PALMIER XXL - OMARRAKECHSOUK","og_description":"Chapeau en feuille de palmier brod\u00e9 \u00e0 la main  L all\u00e9gresse l\u2019autre raison d exister !  mati\u00e8re : feuille de palmier , laine noir  dimensions : 70 cm","og_url":"https:\/\/omarrakechsouk.com\/index.php\/produit\/chapeau-en-feuille-de-palmier-xxl\/","og_site_name":"OMARRAKECHSOUK","og_image":[{"width":1290,"height":1726,"url":"https:\/\/omarrakechsouk.com\/wp-content\/uploads\/2026\/02\/IMG_6324.jpeg","type":"image\/jpeg"}],"twitter_card":"summary_large_image","twitter_misc":{"Dur\u00e9e de lecture estim\u00e9e":"1 minute"},"schema":{"@context":"https:\/\/schema.org","@graph":[{"@type":"WebPage","@id":"https:\/\/omarrakechsouk.com\/index.php\/produit\/chapeau-en-feuille-de-palmier-xxl\/","url":"https:\/\/omarrakechsouk.com\/index.php\/produit\/chapeau-en-feuille-de-palmier-xxl\/","name":"CHAPEAU EN FEUILLE DE PALMIER XXL - OMARRAKECHSOUK","isPartOf":{"@id":"https:\/\/omarrakechsouk.com\/#website"},"primaryImageOfPage":{"@id":"https:\/\/omarrakechsouk.com\/index.php\/produit\/chapeau-en-feuille-de-palmier-xxl\/#primaryimage"},"image":{"@id":"https:\/\/omarrakechsouk.com\/index.php\/produit\/chapeau-en-feuille-de-palmier-xxl\/#primaryimage"},"thumbnailUrl":"https:\/\/omarrakechsouk.com\/wp-content\/uploads\/2026\/02\/IMG_6324.jpeg","datePublished":"2026-02-12T08:57:50+00:00","breadcrumb":{"@id":"https:\/\/omarrakechsouk.com\/index.php\/produit\/chapeau-en-feuille-de-palmier-xxl\/#breadcrumb"},"inLanguage":"fr-FR","potentialAction":[{"@type":"ReadAction","target":["https:\/\/omarrakechsouk.com\/index.php\/produit\/chapeau-en-feuille-de-palmier-xxl\/"]}]},{"@type":"ImageObject","inLanguage":"fr-FR","@id":"https:\/\/omarrakechsouk.com\/index.php\/produit\/chapeau-en-feuille-de-palmier-xxl\/#primaryimage","url":"https:\/\/omarrakechsouk.com\/wp-content\/uploads\/2026\/02\/IMG_6324.jpeg","contentUrl":"https:\/\/omarrakechsouk.com\/wp-content\/uploads\/2026\/02\/IMG_6324.jpeg","width":1290,"height":1726,"caption":"Screenshot"},{"@type":"BreadcrumbList","@id":"https:\/\/omarrakechsouk.com\/index.php\/produit\/chapeau-en-feuille-de-palmier-xxl\/#breadcrumb","itemListElement":[{"@type":"ListItem","position":1,"name":"Accueil","item":"https:\/\/omarrakechsouk.com\/"},{"@type":"ListItem","position":2,"name":"Boutique","item":"https:\/\/omarrakechsouk.com\/index.php\/boutique\/"},{"@type":"ListItem","position":3,"name":"CHAPEAU EN FEUILLE DE PALMIER XXL"}]},{"@type":"WebSite","@id":"https:\/\/omarrakechsouk.com\/#website","url":"https:\/\/omarrakechsouk.com\/","name":"OMARRAKECHSOUK","description":"Artisanat Marocain","potentialAction":[{"@type":"SearchAction","target":{"@type":"EntryPoint","urlTemplate":"https:\/\/omarrakechsouk.com\/?s={search_term_string}"},"query-input":{"@type":"PropertyValueSpecification","valueRequired":true,"valueName":"search_term_string"}}],"inLanguage":"fr-FR"}]}},"jetpack_sharing_enabled":true,"_links":{"self":[{"href":"https:\/\/omarrakechsouk.com\/index.php\/wp-json\/wp\/v2\/product\/4006","targetHints":{"allow":["GET"]}}],"collection":[{"href":"https:\/\/omarrakechsouk.com\/index.php\/wp-json\/wp\/v2\/product"}],"about":[{"href":"https:\/\/omarrakechsouk.com\/index.php\/wp-json\/wp\/v2\/types\/product"}],"wp:featuredmedia":[{"embeddable":true,"href":"https:\/\/omarrakechsouk.com\/index.php\/wp-json\/wp\/v2\/media\/4010"}],"wp:attachment":[{"href":"https:\/\/omarrakechsouk.com\/index.php\/wp-json\/wp\/v2\/media?parent=4006"}],"wp:term":[{"taxonomy":"product_cat","embeddable":true,"href":"https:\/\/omarrakechsouk.com\/index.php\/wp-json\/wp\/v2\/product_cat?post=4006"},{"taxonomy":"product_tag","embeddable":true,"href":"https:\/\/omarrakechsouk.com\/index.php\/wp-json\/wp\/v2\/product_tag?post=4006"}],"curies":[{"name":"wp","href":"https:\/\/api.w.org\/{rel}","templated":true}]}}