{"id":3843,"date":"2025-05-28T09:14:59","date_gmt":"2025-05-28T07:14:59","guid":{"rendered":"https:\/\/omarrakechsouk.com\/?post_type=product&#038;p=3843"},"modified":"2025-05-28T09:14:59","modified_gmt":"2025-05-28T07:14:59","slug":"vase-ourika-2","status":"publish","type":"product","link":"https:\/\/omarrakechsouk.com\/index.php\/produit\/vase-ourika-2\/","title":{"rendered":"VASE OURIKA"},"content":{"rendered":"<p>Coup de c\u0153ur pour ce vase<\/p>\n<p>avec sa forme unique .<\/p>\n","protected":false},"excerpt":{"rendered":"<p>Vase en c\u00e9ramique , r\u00e9alis\u00e9 dans la r\u00e9gion de l Ourika .<\/p>\n<p>fait main<\/p>\n<p>ce m\u00e9lange de couleur est juste sublime , \u00e0 d\u00e9poser sur une table , avec ou sans fleur il est parfait .<\/p>\n","protected":false},"featured_media":3822,"template":"","meta":[],"product_cat":[150,15],"product_tag":[],"class_list":{"0":"post-3843","1":"product","2":"type-product","3":"status-publish","4":"has-post-thumbnail","6":"product_cat-vase","7":"product_cat-nouveautes","9":"first","10":"instock","11":"sold-individually","12":"purchasable","13":"product-type-simple"},"yoast_head":"<!-- This site is optimized with the Yoast SEO plugin v24.7 - https:\/\/yoast.com\/wordpress\/plugins\/seo\/ -->\n<title>VASE OURIKA - OMARRAKECHSOUK<\/title>\n<meta name=\"robots\" content=\"index, follow, max-snippet:-1, max-image-preview:large, max-video-preview:-1\" \/>\n<link rel=\"canonical\" href=\"https:\/\/omarrakechsouk.com\/index.php\/produit\/vase-ourika-2\/\" \/>\n<meta property=\"og:locale\" content=\"fr_FR\" \/>\n<meta property=\"og:type\" content=\"article\" \/>\n<meta property=\"og:title\" content=\"VASE OURIKA - OMARRAKECHSOUK\" \/>\n<meta property=\"og:description\" content=\"Vase en c\u00e9ramique , r\u00e9alis\u00e9 dans la r\u00e9gion de l Ourika .  fait main  ce m\u00e9lange de couleur est juste sublime , \u00e0 d\u00e9poser sur une table , avec ou sans fleur il est parfait .\" \/>\n<meta property=\"og:url\" content=\"https:\/\/omarrakechsouk.com\/index.php\/produit\/vase-ourika-2\/\" \/>\n<meta property=\"og:site_name\" content=\"OMARRAKECHSOUK\" \/>\n<meta property=\"og:image\" content=\"https:\/\/omarrakechsouk.com\/wp-content\/uploads\/2025\/05\/4A3190F6-7C15-4C5E-ABCB-CDA8793F6F54.jpeg\" \/>\n\t<meta property=\"og:image:width\" content=\"1620\" \/>\n\t<meta property=\"og:image:height\" content=\"1923\" \/>\n\t<meta property=\"og:image:type\" content=\"image\/jpeg\" \/>\n<meta name=\"twitter:card\" content=\"summary_large_image\" \/>\n<meta name=\"twitter:label1\" content=\"Dur\u00e9e de lecture estim\u00e9e\" \/>\n\t<meta name=\"twitter:data1\" content=\"1 minute\" \/>\n<script type=\"application\/ld+json\" class=\"yoast-schema-graph\">{\"@context\":\"https:\/\/schema.org\",\"@graph\":[{\"@type\":\"WebPage\",\"@id\":\"https:\/\/omarrakechsouk.com\/index.php\/produit\/vase-ourika-2\/\",\"url\":\"https:\/\/omarrakechsouk.com\/index.php\/produit\/vase-ourika-2\/\",\"name\":\"VASE OURIKA - OMARRAKECHSOUK\",\"isPartOf\":{\"@id\":\"https:\/\/omarrakechsouk.com\/#website\"},\"primaryImageOfPage\":{\"@id\":\"https:\/\/omarrakechsouk.com\/index.php\/produit\/vase-ourika-2\/#primaryimage\"},\"image\":{\"@id\":\"https:\/\/omarrakechsouk.com\/index.php\/produit\/vase-ourika-2\/#primaryimage\"},\"thumbnailUrl\":\"https:\/\/omarrakechsouk.com\/wp-content\/uploads\/2025\/05\/4A3190F6-7C15-4C5E-ABCB-CDA8793F6F54.jpeg\",\"datePublished\":\"2025-05-28T07:14:59+00:00\",\"breadcrumb\":{\"@id\":\"https:\/\/omarrakechsouk.com\/index.php\/produit\/vase-ourika-2\/#breadcrumb\"},\"inLanguage\":\"fr-FR\",\"potentialAction\":[{\"@type\":\"ReadAction\",\"target\":[\"https:\/\/omarrakechsouk.com\/index.php\/produit\/vase-ourika-2\/\"]}]},{\"@type\":\"ImageObject\",\"inLanguage\":\"fr-FR\",\"@id\":\"https:\/\/omarrakechsouk.com\/index.php\/produit\/vase-ourika-2\/#primaryimage\",\"url\":\"https:\/\/omarrakechsouk.com\/wp-content\/uploads\/2025\/05\/4A3190F6-7C15-4C5E-ABCB-CDA8793F6F54.jpeg\",\"contentUrl\":\"https:\/\/omarrakechsouk.com\/wp-content\/uploads\/2025\/05\/4A3190F6-7C15-4C5E-ABCB-CDA8793F6F54.jpeg\",\"width\":1620,\"height\":1923},{\"@type\":\"BreadcrumbList\",\"@id\":\"https:\/\/omarrakechsouk.com\/index.php\/produit\/vase-ourika-2\/#breadcrumb\",\"itemListElement\":[{\"@type\":\"ListItem\",\"position\":1,\"name\":\"Accueil\",\"item\":\"https:\/\/omarrakechsouk.com\/\"},{\"@type\":\"ListItem\",\"position\":2,\"name\":\"Boutique\",\"item\":\"https:\/\/omarrakechsouk.com\/index.php\/boutique\/\"},{\"@type\":\"ListItem\",\"position\":3,\"name\":\"VASE OURIKA\"}]},{\"@type\":\"WebSite\",\"@id\":\"https:\/\/omarrakechsouk.com\/#website\",\"url\":\"https:\/\/omarrakechsouk.com\/\",\"name\":\"OMARRAKECHSOUK\",\"description\":\"Artisanat Marocain\",\"potentialAction\":[{\"@type\":\"SearchAction\",\"target\":{\"@type\":\"EntryPoint\",\"urlTemplate\":\"https:\/\/omarrakechsouk.com\/?s={search_term_string}\"},\"query-input\":{\"@type\":\"PropertyValueSpecification\",\"valueRequired\":true,\"valueName\":\"search_term_string\"}}],\"inLanguage\":\"fr-FR\"}]}<\/script>\n<!-- \/ Yoast SEO plugin. -->","yoast_head_json":{"title":"VASE OURIKA - OMARRAKECHSOUK","robots":{"index":"index","follow":"follow","max-snippet":"max-snippet:-1","max-image-preview":"max-image-preview:large","max-video-preview":"max-video-preview:-1"},"canonical":"https:\/\/omarrakechsouk.com\/index.php\/produit\/vase-ourika-2\/","og_locale":"fr_FR","og_type":"article","og_title":"VASE OURIKA - OMARRAKECHSOUK","og_description":"Vase en c\u00e9ramique , r\u00e9alis\u00e9 dans la r\u00e9gion de l Ourika .  fait main  ce m\u00e9lange de couleur est juste sublime , \u00e0 d\u00e9poser sur une table , avec ou sans fleur il est parfait .","og_url":"https:\/\/omarrakechsouk.com\/index.php\/produit\/vase-ourika-2\/","og_site_name":"OMARRAKECHSOUK","og_image":[{"width":1620,"height":1923,"url":"https:\/\/omarrakechsouk.com\/wp-content\/uploads\/2025\/05\/4A3190F6-7C15-4C5E-ABCB-CDA8793F6F54.jpeg","type":"image\/jpeg"}],"twitter_card":"summary_large_image","twitter_misc":{"Dur\u00e9e de lecture estim\u00e9e":"1 minute"},"schema":{"@context":"https:\/\/schema.org","@graph":[{"@type":"WebPage","@id":"https:\/\/omarrakechsouk.com\/index.php\/produit\/vase-ourika-2\/","url":"https:\/\/omarrakechsouk.com\/index.php\/produit\/vase-ourika-2\/","name":"VASE OURIKA - OMARRAKECHSOUK","isPartOf":{"@id":"https:\/\/omarrakechsouk.com\/#website"},"primaryImageOfPage":{"@id":"https:\/\/omarrakechsouk.com\/index.php\/produit\/vase-ourika-2\/#primaryimage"},"image":{"@id":"https:\/\/omarrakechsouk.com\/index.php\/produit\/vase-ourika-2\/#primaryimage"},"thumbnailUrl":"https:\/\/omarrakechsouk.com\/wp-content\/uploads\/2025\/05\/4A3190F6-7C15-4C5E-ABCB-CDA8793F6F54.jpeg","datePublished":"2025-05-28T07:14:59+00:00","breadcrumb":{"@id":"https:\/\/omarrakechsouk.com\/index.php\/produit\/vase-ourika-2\/#breadcrumb"},"inLanguage":"fr-FR","potentialAction":[{"@type":"ReadAction","target":["https:\/\/omarrakechsouk.com\/index.php\/produit\/vase-ourika-2\/"]}]},{"@type":"ImageObject","inLanguage":"fr-FR","@id":"https:\/\/omarrakechsouk.com\/index.php\/produit\/vase-ourika-2\/#primaryimage","url":"https:\/\/omarrakechsouk.com\/wp-content\/uploads\/2025\/05\/4A3190F6-7C15-4C5E-ABCB-CDA8793F6F54.jpeg","contentUrl":"https:\/\/omarrakechsouk.com\/wp-content\/uploads\/2025\/05\/4A3190F6-7C15-4C5E-ABCB-CDA8793F6F54.jpeg","width":1620,"height":1923},{"@type":"BreadcrumbList","@id":"https:\/\/omarrakechsouk.com\/index.php\/produit\/vase-ourika-2\/#breadcrumb","itemListElement":[{"@type":"ListItem","position":1,"name":"Accueil","item":"https:\/\/omarrakechsouk.com\/"},{"@type":"ListItem","position":2,"name":"Boutique","item":"https:\/\/omarrakechsouk.com\/index.php\/boutique\/"},{"@type":"ListItem","position":3,"name":"VASE OURIKA"}]},{"@type":"WebSite","@id":"https:\/\/omarrakechsouk.com\/#website","url":"https:\/\/omarrakechsouk.com\/","name":"OMARRAKECHSOUK","description":"Artisanat Marocain","potentialAction":[{"@type":"SearchAction","target":{"@type":"EntryPoint","urlTemplate":"https:\/\/omarrakechsouk.com\/?s={search_term_string}"},"query-input":{"@type":"PropertyValueSpecification","valueRequired":true,"valueName":"search_term_string"}}],"inLanguage":"fr-FR"}]}},"jetpack_sharing_enabled":true,"_links":{"self":[{"href":"https:\/\/omarrakechsouk.com\/index.php\/wp-json\/wp\/v2\/product\/3843","targetHints":{"allow":["GET"]}}],"collection":[{"href":"https:\/\/omarrakechsouk.com\/index.php\/wp-json\/wp\/v2\/product"}],"about":[{"href":"https:\/\/omarrakechsouk.com\/index.php\/wp-json\/wp\/v2\/types\/product"}],"wp:featuredmedia":[{"embeddable":true,"href":"https:\/\/omarrakechsouk.com\/index.php\/wp-json\/wp\/v2\/media\/3822"}],"wp:attachment":[{"href":"https:\/\/omarrakechsouk.com\/index.php\/wp-json\/wp\/v2\/media?parent=3843"}],"wp:term":[{"taxonomy":"product_cat","embeddable":true,"href":"https:\/\/omarrakechsouk.com\/index.php\/wp-json\/wp\/v2\/product_cat?post=3843"},{"taxonomy":"product_tag","embeddable":true,"href":"https:\/\/omarrakechsouk.com\/index.php\/wp-json\/wp\/v2\/product_tag?post=3843"}],"curies":[{"name":"wp","href":"https:\/\/api.w.org\/{rel}","templated":true}]}}