{"id":3623,"date":"2024-11-27T15:32:27","date_gmt":"2024-11-27T14:32:27","guid":{"rendered":"https:\/\/omarrakechsouk.com\/?post_type=product&#038;p=3623"},"modified":"2025-02-07T08:57:39","modified_gmt":"2025-02-07T07:57:39","slug":"vase-ceramique-verde","status":"publish","type":"product","link":"https:\/\/omarrakechsouk.com\/index.php\/produit\/vase-ceramique-verde\/","title":{"rendered":"VASE C\u00c9RAMIQUE VERDE"},"content":{"rendered":"<p style=\"text-align: center;\">Vase en c\u00e9ramique<\/p>\n<p>R\u00e9alis\u00e9 \u00e0 la main par notre artisan .<\/p>\n<p>Une jolie pi\u00e8ce \u00e0 offrir pour faire plaisir ou se faire plaisir .<\/p>\n","protected":false},"excerpt":{"rendered":"<p>Ce vase est juste magnifique<\/p>\n<p>\u00e0 poser sur une table , une console .<\/p>\n<p>Il exprime La beaut\u00e9 de l artisanat .<\/p>\n<p>dimensions : \u00a0H 25 * D 15 cm.<\/p>\n","protected":false},"featured_media":3612,"template":"","meta":[],"product_cat":[150,15,22],"product_tag":[],"class_list":{"0":"post-3623","1":"product","2":"type-product","3":"status-publish","4":"has-post-thumbnail","6":"product_cat-vase","7":"product_cat-nouveautes","8":"product_cat-decoration","10":"first","11":"outofstock","12":"sale","13":"sold-individually","14":"purchasable","15":"product-type-simple"},"yoast_head":"<!-- This site is optimized with the Yoast SEO plugin v24.7 - https:\/\/yoast.com\/wordpress\/plugins\/seo\/ -->\n<title>VASE C\u00c9RAMIQUE VERDE - OMARRAKECHSOUK<\/title>\n<meta name=\"robots\" content=\"index, follow, max-snippet:-1, max-image-preview:large, max-video-preview:-1\" \/>\n<link rel=\"canonical\" href=\"https:\/\/omarrakechsouk.com\/index.php\/produit\/vase-ceramique-verde\/\" \/>\n<meta property=\"og:locale\" content=\"fr_FR\" \/>\n<meta property=\"og:type\" content=\"article\" \/>\n<meta property=\"og:title\" content=\"VASE C\u00c9RAMIQUE VERDE - OMARRAKECHSOUK\" \/>\n<meta property=\"og:description\" content=\"Ce vase est juste magnifique  \u00e0 poser sur une table , une console .  Il exprime La beaut\u00e9 de l artisanat .  dimensions : \u00a0H 25 * D 15 cm.\" \/>\n<meta property=\"og:url\" content=\"https:\/\/omarrakechsouk.com\/index.php\/produit\/vase-ceramique-verde\/\" \/>\n<meta property=\"og:site_name\" content=\"OMARRAKECHSOUK\" \/>\n<meta property=\"article:modified_time\" content=\"2025-02-07T07:57:39+00:00\" \/>\n<meta property=\"og:image\" content=\"https:\/\/omarrakechsouk.com\/wp-content\/uploads\/2024\/11\/IMG_0991-scaled.jpeg\" \/>\n\t<meta property=\"og:image:width\" content=\"1920\" \/>\n\t<meta property=\"og:image:height\" content=\"2560\" \/>\n\t<meta property=\"og:image:type\" content=\"image\/jpeg\" \/>\n<meta name=\"twitter:card\" content=\"summary_large_image\" \/>\n<meta name=\"twitter:label1\" content=\"Dur\u00e9e de lecture estim\u00e9e\" \/>\n\t<meta name=\"twitter:data1\" content=\"1 minute\" \/>\n<script type=\"application\/ld+json\" class=\"yoast-schema-graph\">{\"@context\":\"https:\/\/schema.org\",\"@graph\":[{\"@type\":\"WebPage\",\"@id\":\"https:\/\/omarrakechsouk.com\/index.php\/produit\/vase-ceramique-verde\/\",\"url\":\"https:\/\/omarrakechsouk.com\/index.php\/produit\/vase-ceramique-verde\/\",\"name\":\"VASE C\u00c9RAMIQUE VERDE - OMARRAKECHSOUK\",\"isPartOf\":{\"@id\":\"https:\/\/omarrakechsouk.com\/#website\"},\"primaryImageOfPage\":{\"@id\":\"https:\/\/omarrakechsouk.com\/index.php\/produit\/vase-ceramique-verde\/#primaryimage\"},\"image\":{\"@id\":\"https:\/\/omarrakechsouk.com\/index.php\/produit\/vase-ceramique-verde\/#primaryimage\"},\"thumbnailUrl\":\"https:\/\/omarrakechsouk.com\/wp-content\/uploads\/2024\/11\/IMG_0991-scaled.jpeg\",\"datePublished\":\"2024-11-27T14:32:27+00:00\",\"dateModified\":\"2025-02-07T07:57:39+00:00\",\"breadcrumb\":{\"@id\":\"https:\/\/omarrakechsouk.com\/index.php\/produit\/vase-ceramique-verde\/#breadcrumb\"},\"inLanguage\":\"fr-FR\",\"potentialAction\":[{\"@type\":\"ReadAction\",\"target\":[\"https:\/\/omarrakechsouk.com\/index.php\/produit\/vase-ceramique-verde\/\"]}]},{\"@type\":\"ImageObject\",\"inLanguage\":\"fr-FR\",\"@id\":\"https:\/\/omarrakechsouk.com\/index.php\/produit\/vase-ceramique-verde\/#primaryimage\",\"url\":\"https:\/\/omarrakechsouk.com\/wp-content\/uploads\/2024\/11\/IMG_0991-scaled.jpeg\",\"contentUrl\":\"https:\/\/omarrakechsouk.com\/wp-content\/uploads\/2024\/11\/IMG_0991-scaled.jpeg\",\"width\":1920,\"height\":2560},{\"@type\":\"BreadcrumbList\",\"@id\":\"https:\/\/omarrakechsouk.com\/index.php\/produit\/vase-ceramique-verde\/#breadcrumb\",\"itemListElement\":[{\"@type\":\"ListItem\",\"position\":1,\"name\":\"Accueil\",\"item\":\"https:\/\/omarrakechsouk.com\/\"},{\"@type\":\"ListItem\",\"position\":2,\"name\":\"Boutique\",\"item\":\"https:\/\/omarrakechsouk.com\/index.php\/boutique\/\"},{\"@type\":\"ListItem\",\"position\":3,\"name\":\"VASE C\u00c9RAMIQUE VERDE\"}]},{\"@type\":\"WebSite\",\"@id\":\"https:\/\/omarrakechsouk.com\/#website\",\"url\":\"https:\/\/omarrakechsouk.com\/\",\"name\":\"OMARRAKECHSOUK\",\"description\":\"Artisanat Marocain\",\"potentialAction\":[{\"@type\":\"SearchAction\",\"target\":{\"@type\":\"EntryPoint\",\"urlTemplate\":\"https:\/\/omarrakechsouk.com\/?s={search_term_string}\"},\"query-input\":{\"@type\":\"PropertyValueSpecification\",\"valueRequired\":true,\"valueName\":\"search_term_string\"}}],\"inLanguage\":\"fr-FR\"}]}<\/script>\n<!-- \/ Yoast SEO plugin. -->","yoast_head_json":{"title":"VASE C\u00c9RAMIQUE VERDE - OMARRAKECHSOUK","robots":{"index":"index","follow":"follow","max-snippet":"max-snippet:-1","max-image-preview":"max-image-preview:large","max-video-preview":"max-video-preview:-1"},"canonical":"https:\/\/omarrakechsouk.com\/index.php\/produit\/vase-ceramique-verde\/","og_locale":"fr_FR","og_type":"article","og_title":"VASE C\u00c9RAMIQUE VERDE - OMARRAKECHSOUK","og_description":"Ce vase est juste magnifique  \u00e0 poser sur une table , une console .  Il exprime La beaut\u00e9 de l artisanat .  dimensions : \u00a0H 25 * D 15 cm.","og_url":"https:\/\/omarrakechsouk.com\/index.php\/produit\/vase-ceramique-verde\/","og_site_name":"OMARRAKECHSOUK","article_modified_time":"2025-02-07T07:57:39+00:00","og_image":[{"width":1920,"height":2560,"url":"https:\/\/omarrakechsouk.com\/wp-content\/uploads\/2024\/11\/IMG_0991-scaled.jpeg","type":"image\/jpeg"}],"twitter_card":"summary_large_image","twitter_misc":{"Dur\u00e9e de lecture estim\u00e9e":"1 minute"},"schema":{"@context":"https:\/\/schema.org","@graph":[{"@type":"WebPage","@id":"https:\/\/omarrakechsouk.com\/index.php\/produit\/vase-ceramique-verde\/","url":"https:\/\/omarrakechsouk.com\/index.php\/produit\/vase-ceramique-verde\/","name":"VASE C\u00c9RAMIQUE VERDE - OMARRAKECHSOUK","isPartOf":{"@id":"https:\/\/omarrakechsouk.com\/#website"},"primaryImageOfPage":{"@id":"https:\/\/omarrakechsouk.com\/index.php\/produit\/vase-ceramique-verde\/#primaryimage"},"image":{"@id":"https:\/\/omarrakechsouk.com\/index.php\/produit\/vase-ceramique-verde\/#primaryimage"},"thumbnailUrl":"https:\/\/omarrakechsouk.com\/wp-content\/uploads\/2024\/11\/IMG_0991-scaled.jpeg","datePublished":"2024-11-27T14:32:27+00:00","dateModified":"2025-02-07T07:57:39+00:00","breadcrumb":{"@id":"https:\/\/omarrakechsouk.com\/index.php\/produit\/vase-ceramique-verde\/#breadcrumb"},"inLanguage":"fr-FR","potentialAction":[{"@type":"ReadAction","target":["https:\/\/omarrakechsouk.com\/index.php\/produit\/vase-ceramique-verde\/"]}]},{"@type":"ImageObject","inLanguage":"fr-FR","@id":"https:\/\/omarrakechsouk.com\/index.php\/produit\/vase-ceramique-verde\/#primaryimage","url":"https:\/\/omarrakechsouk.com\/wp-content\/uploads\/2024\/11\/IMG_0991-scaled.jpeg","contentUrl":"https:\/\/omarrakechsouk.com\/wp-content\/uploads\/2024\/11\/IMG_0991-scaled.jpeg","width":1920,"height":2560},{"@type":"BreadcrumbList","@id":"https:\/\/omarrakechsouk.com\/index.php\/produit\/vase-ceramique-verde\/#breadcrumb","itemListElement":[{"@type":"ListItem","position":1,"name":"Accueil","item":"https:\/\/omarrakechsouk.com\/"},{"@type":"ListItem","position":2,"name":"Boutique","item":"https:\/\/omarrakechsouk.com\/index.php\/boutique\/"},{"@type":"ListItem","position":3,"name":"VASE C\u00c9RAMIQUE VERDE"}]},{"@type":"WebSite","@id":"https:\/\/omarrakechsouk.com\/#website","url":"https:\/\/omarrakechsouk.com\/","name":"OMARRAKECHSOUK","description":"Artisanat Marocain","potentialAction":[{"@type":"SearchAction","target":{"@type":"EntryPoint","urlTemplate":"https:\/\/omarrakechsouk.com\/?s={search_term_string}"},"query-input":{"@type":"PropertyValueSpecification","valueRequired":true,"valueName":"search_term_string"}}],"inLanguage":"fr-FR"}]}},"jetpack_sharing_enabled":true,"_links":{"self":[{"href":"https:\/\/omarrakechsouk.com\/index.php\/wp-json\/wp\/v2\/product\/3623","targetHints":{"allow":["GET"]}}],"collection":[{"href":"https:\/\/omarrakechsouk.com\/index.php\/wp-json\/wp\/v2\/product"}],"about":[{"href":"https:\/\/omarrakechsouk.com\/index.php\/wp-json\/wp\/v2\/types\/product"}],"wp:featuredmedia":[{"embeddable":true,"href":"https:\/\/omarrakechsouk.com\/index.php\/wp-json\/wp\/v2\/media\/3612"}],"wp:attachment":[{"href":"https:\/\/omarrakechsouk.com\/index.php\/wp-json\/wp\/v2\/media?parent=3623"}],"wp:term":[{"taxonomy":"product_cat","embeddable":true,"href":"https:\/\/omarrakechsouk.com\/index.php\/wp-json\/wp\/v2\/product_cat?post=3623"},{"taxonomy":"product_tag","embeddable":true,"href":"https:\/\/omarrakechsouk.com\/index.php\/wp-json\/wp\/v2\/product_tag?post=3623"}],"curies":[{"name":"wp","href":"https:\/\/api.w.org\/{rel}","templated":true}]}}