{"id":2850,"date":"2023-11-24T18:07:18","date_gmt":"2023-11-24T17:07:18","guid":{"rendered":"https:\/\/omarrakechsouk.com\/?post_type=product&#038;p=2850"},"modified":"2025-09-22T09:10:37","modified_gmt":"2025-09-22T07:10:37","slug":"huile-essentielle-fleur-d-oranger","status":"publish","type":"product","link":"https:\/\/omarrakechsouk.com\/index.php\/produit\/huile-essentielle-fleur-d-oranger\/","title":{"rendered":"HUILE ESSENTIELLE FLEUR D ORANGER"},"content":{"rendered":"<p>Huile essentielle fleur d \u2018oranger .<\/p>\n","protected":false},"excerpt":{"rendered":"<p>Il vous suffit quelques gouttes , m\u00e9lang\u00e9es \u00e0 de l\u2019eau pour embaumer votre int\u00e9rieur avec cette sublime huile essentielle.<\/p>\n<p>r\u00e9alis\u00e9 par notre herboriste sur Marrakech.<\/p>\n<p>30 ml.<\/p>\n","protected":false},"featured_media":2853,"template":"","meta":[],"product_cat":[15,140],"product_tag":[],"class_list":{"0":"post-2850","1":"product","2":"type-product","3":"status-publish","4":"has-post-thumbnail","6":"product_cat-nouveautes","7":"product_cat-senteurs","9":"first","10":"instock","11":"purchasable","12":"product-type-simple"},"yoast_head":"<!-- This site is optimized with the Yoast SEO plugin v24.7 - https:\/\/yoast.com\/wordpress\/plugins\/seo\/ -->\n<title>HUILE ESSENTIELLE FLEUR D ORANGER - OMARRAKECHSOUK<\/title>\n<meta name=\"robots\" content=\"index, follow, max-snippet:-1, max-image-preview:large, max-video-preview:-1\" \/>\n<link rel=\"canonical\" href=\"https:\/\/omarrakechsouk.com\/index.php\/produit\/huile-essentielle-fleur-d-oranger\/\" \/>\n<meta property=\"og:locale\" content=\"fr_FR\" \/>\n<meta property=\"og:type\" content=\"article\" \/>\n<meta property=\"og:title\" content=\"HUILE ESSENTIELLE FLEUR D ORANGER - OMARRAKECHSOUK\" \/>\n<meta property=\"og:description\" content=\"Il vous suffit quelques gouttes , m\u00e9lang\u00e9es \u00e0 de l\u2019eau pour embaumer votre int\u00e9rieur avec cette sublime huile essentielle.  r\u00e9alis\u00e9 par notre herboriste sur Marrakech.  30 ml.\" \/>\n<meta property=\"og:url\" content=\"https:\/\/omarrakechsouk.com\/index.php\/produit\/huile-essentielle-fleur-d-oranger\/\" \/>\n<meta property=\"og:site_name\" content=\"OMARRAKECHSOUK\" \/>\n<meta property=\"article:modified_time\" content=\"2025-09-22T07:10:37+00:00\" \/>\n<meta property=\"og:image\" content=\"https:\/\/omarrakechsouk.com\/wp-content\/uploads\/2023\/11\/ACB1665D-9461-4EA6-B484-042AD5128B53-scaled.jpeg\" \/>\n\t<meta property=\"og:image:width\" content=\"1920\" \/>\n\t<meta property=\"og:image:height\" content=\"2560\" \/>\n\t<meta property=\"og:image:type\" content=\"image\/jpeg\" \/>\n<meta name=\"twitter:card\" content=\"summary_large_image\" \/>\n<script type=\"application\/ld+json\" class=\"yoast-schema-graph\">{\"@context\":\"https:\/\/schema.org\",\"@graph\":[{\"@type\":\"WebPage\",\"@id\":\"https:\/\/omarrakechsouk.com\/index.php\/produit\/huile-essentielle-fleur-d-oranger\/\",\"url\":\"https:\/\/omarrakechsouk.com\/index.php\/produit\/huile-essentielle-fleur-d-oranger\/\",\"name\":\"HUILE ESSENTIELLE FLEUR D ORANGER - OMARRAKECHSOUK\",\"isPartOf\":{\"@id\":\"https:\/\/omarrakechsouk.com\/#website\"},\"primaryImageOfPage\":{\"@id\":\"https:\/\/omarrakechsouk.com\/index.php\/produit\/huile-essentielle-fleur-d-oranger\/#primaryimage\"},\"image\":{\"@id\":\"https:\/\/omarrakechsouk.com\/index.php\/produit\/huile-essentielle-fleur-d-oranger\/#primaryimage\"},\"thumbnailUrl\":\"https:\/\/omarrakechsouk.com\/wp-content\/uploads\/2023\/11\/ACB1665D-9461-4EA6-B484-042AD5128B53-scaled.jpeg\",\"datePublished\":\"2023-11-24T17:07:18+00:00\",\"dateModified\":\"2025-09-22T07:10:37+00:00\",\"breadcrumb\":{\"@id\":\"https:\/\/omarrakechsouk.com\/index.php\/produit\/huile-essentielle-fleur-d-oranger\/#breadcrumb\"},\"inLanguage\":\"fr-FR\",\"potentialAction\":[{\"@type\":\"ReadAction\",\"target\":[\"https:\/\/omarrakechsouk.com\/index.php\/produit\/huile-essentielle-fleur-d-oranger\/\"]}]},{\"@type\":\"ImageObject\",\"inLanguage\":\"fr-FR\",\"@id\":\"https:\/\/omarrakechsouk.com\/index.php\/produit\/huile-essentielle-fleur-d-oranger\/#primaryimage\",\"url\":\"https:\/\/omarrakechsouk.com\/wp-content\/uploads\/2023\/11\/ACB1665D-9461-4EA6-B484-042AD5128B53-scaled.jpeg\",\"contentUrl\":\"https:\/\/omarrakechsouk.com\/wp-content\/uploads\/2023\/11\/ACB1665D-9461-4EA6-B484-042AD5128B53-scaled.jpeg\",\"width\":1920,\"height\":2560},{\"@type\":\"BreadcrumbList\",\"@id\":\"https:\/\/omarrakechsouk.com\/index.php\/produit\/huile-essentielle-fleur-d-oranger\/#breadcrumb\",\"itemListElement\":[{\"@type\":\"ListItem\",\"position\":1,\"name\":\"Accueil\",\"item\":\"https:\/\/omarrakechsouk.com\/\"},{\"@type\":\"ListItem\",\"position\":2,\"name\":\"Boutique\",\"item\":\"https:\/\/omarrakechsouk.com\/index.php\/boutique\/\"},{\"@type\":\"ListItem\",\"position\":3,\"name\":\"HUILE ESSENTIELLE FLEUR D ORANGER\"}]},{\"@type\":\"WebSite\",\"@id\":\"https:\/\/omarrakechsouk.com\/#website\",\"url\":\"https:\/\/omarrakechsouk.com\/\",\"name\":\"OMARRAKECHSOUK\",\"description\":\"Artisanat Marocain\",\"potentialAction\":[{\"@type\":\"SearchAction\",\"target\":{\"@type\":\"EntryPoint\",\"urlTemplate\":\"https:\/\/omarrakechsouk.com\/?s={search_term_string}\"},\"query-input\":{\"@type\":\"PropertyValueSpecification\",\"valueRequired\":true,\"valueName\":\"search_term_string\"}}],\"inLanguage\":\"fr-FR\"}]}<\/script>\n<!-- \/ Yoast SEO plugin. -->","yoast_head_json":{"title":"HUILE ESSENTIELLE FLEUR D ORANGER - OMARRAKECHSOUK","robots":{"index":"index","follow":"follow","max-snippet":"max-snippet:-1","max-image-preview":"max-image-preview:large","max-video-preview":"max-video-preview:-1"},"canonical":"https:\/\/omarrakechsouk.com\/index.php\/produit\/huile-essentielle-fleur-d-oranger\/","og_locale":"fr_FR","og_type":"article","og_title":"HUILE ESSENTIELLE FLEUR D ORANGER - OMARRAKECHSOUK","og_description":"Il vous suffit quelques gouttes , m\u00e9lang\u00e9es \u00e0 de l\u2019eau pour embaumer votre int\u00e9rieur avec cette sublime huile essentielle.  r\u00e9alis\u00e9 par notre herboriste sur Marrakech.  30 ml.","og_url":"https:\/\/omarrakechsouk.com\/index.php\/produit\/huile-essentielle-fleur-d-oranger\/","og_site_name":"OMARRAKECHSOUK","article_modified_time":"2025-09-22T07:10:37+00:00","og_image":[{"width":1920,"height":2560,"url":"https:\/\/omarrakechsouk.com\/wp-content\/uploads\/2023\/11\/ACB1665D-9461-4EA6-B484-042AD5128B53-scaled.jpeg","type":"image\/jpeg"}],"twitter_card":"summary_large_image","schema":{"@context":"https:\/\/schema.org","@graph":[{"@type":"WebPage","@id":"https:\/\/omarrakechsouk.com\/index.php\/produit\/huile-essentielle-fleur-d-oranger\/","url":"https:\/\/omarrakechsouk.com\/index.php\/produit\/huile-essentielle-fleur-d-oranger\/","name":"HUILE ESSENTIELLE FLEUR D ORANGER - OMARRAKECHSOUK","isPartOf":{"@id":"https:\/\/omarrakechsouk.com\/#website"},"primaryImageOfPage":{"@id":"https:\/\/omarrakechsouk.com\/index.php\/produit\/huile-essentielle-fleur-d-oranger\/#primaryimage"},"image":{"@id":"https:\/\/omarrakechsouk.com\/index.php\/produit\/huile-essentielle-fleur-d-oranger\/#primaryimage"},"thumbnailUrl":"https:\/\/omarrakechsouk.com\/wp-content\/uploads\/2023\/11\/ACB1665D-9461-4EA6-B484-042AD5128B53-scaled.jpeg","datePublished":"2023-11-24T17:07:18+00:00","dateModified":"2025-09-22T07:10:37+00:00","breadcrumb":{"@id":"https:\/\/omarrakechsouk.com\/index.php\/produit\/huile-essentielle-fleur-d-oranger\/#breadcrumb"},"inLanguage":"fr-FR","potentialAction":[{"@type":"ReadAction","target":["https:\/\/omarrakechsouk.com\/index.php\/produit\/huile-essentielle-fleur-d-oranger\/"]}]},{"@type":"ImageObject","inLanguage":"fr-FR","@id":"https:\/\/omarrakechsouk.com\/index.php\/produit\/huile-essentielle-fleur-d-oranger\/#primaryimage","url":"https:\/\/omarrakechsouk.com\/wp-content\/uploads\/2023\/11\/ACB1665D-9461-4EA6-B484-042AD5128B53-scaled.jpeg","contentUrl":"https:\/\/omarrakechsouk.com\/wp-content\/uploads\/2023\/11\/ACB1665D-9461-4EA6-B484-042AD5128B53-scaled.jpeg","width":1920,"height":2560},{"@type":"BreadcrumbList","@id":"https:\/\/omarrakechsouk.com\/index.php\/produit\/huile-essentielle-fleur-d-oranger\/#breadcrumb","itemListElement":[{"@type":"ListItem","position":1,"name":"Accueil","item":"https:\/\/omarrakechsouk.com\/"},{"@type":"ListItem","position":2,"name":"Boutique","item":"https:\/\/omarrakechsouk.com\/index.php\/boutique\/"},{"@type":"ListItem","position":3,"name":"HUILE ESSENTIELLE FLEUR D ORANGER"}]},{"@type":"WebSite","@id":"https:\/\/omarrakechsouk.com\/#website","url":"https:\/\/omarrakechsouk.com\/","name":"OMARRAKECHSOUK","description":"Artisanat Marocain","potentialAction":[{"@type":"SearchAction","target":{"@type":"EntryPoint","urlTemplate":"https:\/\/omarrakechsouk.com\/?s={search_term_string}"},"query-input":{"@type":"PropertyValueSpecification","valueRequired":true,"valueName":"search_term_string"}}],"inLanguage":"fr-FR"}]}},"jetpack_sharing_enabled":true,"_links":{"self":[{"href":"https:\/\/omarrakechsouk.com\/index.php\/wp-json\/wp\/v2\/product\/2850","targetHints":{"allow":["GET"]}}],"collection":[{"href":"https:\/\/omarrakechsouk.com\/index.php\/wp-json\/wp\/v2\/product"}],"about":[{"href":"https:\/\/omarrakechsouk.com\/index.php\/wp-json\/wp\/v2\/types\/product"}],"wp:featuredmedia":[{"embeddable":true,"href":"https:\/\/omarrakechsouk.com\/index.php\/wp-json\/wp\/v2\/media\/2853"}],"wp:attachment":[{"href":"https:\/\/omarrakechsouk.com\/index.php\/wp-json\/wp\/v2\/media?parent=2850"}],"wp:term":[{"taxonomy":"product_cat","embeddable":true,"href":"https:\/\/omarrakechsouk.com\/index.php\/wp-json\/wp\/v2\/product_cat?post=2850"},{"taxonomy":"product_tag","embeddable":true,"href":"https:\/\/omarrakechsouk.com\/index.php\/wp-json\/wp\/v2\/product_tag?post=2850"}],"curies":[{"name":"wp","href":"https:\/\/api.w.org\/{rel}","templated":true}]}}