{"id":2376,"date":"2023-04-08T17:00:43","date_gmt":"2023-04-08T15:00:43","guid":{"rendered":"https:\/\/omarrakechsouk.com\/?post_type=product&#038;p=2376"},"modified":"2025-01-24T14:06:32","modified_gmt":"2025-01-24T13:06:32","slug":"coffre-en-feuille-de-palmier-80","status":"publish","type":"product","link":"https:\/\/omarrakechsouk.com\/index.php\/produit\/coffre-en-feuille-de-palmier-80\/","title":{"rendered":"COFFRE EN FEUILLE DE PALMIER 80"},"content":{"rendered":"<p>Coffre de rangement en feuille de palmier<\/p>\n","protected":false},"excerpt":{"rendered":"<p>Coffre de rangement en feuille de palmier avec couvercle et anses ; \u00a0parfait pour vos rangements .<\/p>\n<p>dans une chambre d enfants , pour ranger des jouets , vos plaids dans un coin du salon .<\/p>\n<p>dimensions : L80 * 39*H 35 cm<\/p>\n<p>d&rsquo;un coffre \u00e0 un autre les dimensions peuvent vari\u00e9es de quelques mm<\/p>\n<p>r\u00e9alis\u00e9 par nos artisans \u00e0 Marrakech .<\/p>\n<p>Mati\u00e8re : naturelle feuille de palmier<\/p>\n","protected":false},"featured_media":2377,"template":"","meta":[],"product_cat":[15,23],"product_tag":[],"class_list":{"0":"post-2376","1":"product","2":"type-product","3":"status-publish","4":"has-post-thumbnail","6":"product_cat-nouveautes","7":"product_cat-panieres","9":"first","10":"outofstock","11":"purchasable","12":"product-type-simple"},"yoast_head":"<!-- This site is optimized with the Yoast SEO plugin v24.7 - https:\/\/yoast.com\/wordpress\/plugins\/seo\/ -->\n<title>COFFRE EN FEUILLE DE PALMIER 80 - OMARRAKECHSOUK<\/title>\n<meta name=\"robots\" content=\"index, follow, max-snippet:-1, max-image-preview:large, max-video-preview:-1\" \/>\n<link rel=\"canonical\" href=\"https:\/\/omarrakechsouk.com\/index.php\/produit\/coffre-en-feuille-de-palmier-80\/\" \/>\n<meta property=\"og:locale\" content=\"fr_FR\" \/>\n<meta property=\"og:type\" content=\"article\" \/>\n<meta property=\"og:title\" content=\"COFFRE EN FEUILLE DE PALMIER 80 - OMARRAKECHSOUK\" \/>\n<meta property=\"og:description\" content=\"Coffre de rangement en feuille de palmier avec couvercle et anses ; \u00a0parfait pour vos rangements .  dans une chambre d enfants , pour ranger des jouets , vos plaids dans un coin du salon .  dimensions : L80 * 39*H 35 cm  d&#039;un coffre \u00e0 un autre les dimensions peuvent vari\u00e9es de quelques mm  r\u00e9alis\u00e9 par nos artisans \u00e0 Marrakech .  Mati\u00e8re : naturelle feuille de palmier\" \/>\n<meta property=\"og:url\" content=\"https:\/\/omarrakechsouk.com\/index.php\/produit\/coffre-en-feuille-de-palmier-80\/\" \/>\n<meta property=\"og:site_name\" content=\"OMARRAKECHSOUK\" \/>\n<meta property=\"article:modified_time\" content=\"2025-01-24T13:06:32+00:00\" \/>\n<meta property=\"og:image\" content=\"https:\/\/omarrakechsouk.com\/wp-content\/uploads\/2023\/04\/wyqZBfE6Sd6Vgjj92lfVbg-scaled.jpg\" \/>\n\t<meta property=\"og:image:width\" content=\"1920\" \/>\n\t<meta property=\"og:image:height\" content=\"2560\" \/>\n\t<meta property=\"og:image:type\" content=\"image\/jpeg\" \/>\n<meta name=\"twitter:card\" content=\"summary_large_image\" \/>\n<meta name=\"twitter:label1\" content=\"Dur\u00e9e de lecture estim\u00e9e\" \/>\n\t<meta name=\"twitter:data1\" content=\"1 minute\" \/>\n<script type=\"application\/ld+json\" class=\"yoast-schema-graph\">{\"@context\":\"https:\/\/schema.org\",\"@graph\":[{\"@type\":\"WebPage\",\"@id\":\"https:\/\/omarrakechsouk.com\/index.php\/produit\/coffre-en-feuille-de-palmier-80\/\",\"url\":\"https:\/\/omarrakechsouk.com\/index.php\/produit\/coffre-en-feuille-de-palmier-80\/\",\"name\":\"COFFRE EN FEUILLE DE PALMIER 80 - OMARRAKECHSOUK\",\"isPartOf\":{\"@id\":\"https:\/\/omarrakechsouk.com\/#website\"},\"primaryImageOfPage\":{\"@id\":\"https:\/\/omarrakechsouk.com\/index.php\/produit\/coffre-en-feuille-de-palmier-80\/#primaryimage\"},\"image\":{\"@id\":\"https:\/\/omarrakechsouk.com\/index.php\/produit\/coffre-en-feuille-de-palmier-80\/#primaryimage\"},\"thumbnailUrl\":\"https:\/\/omarrakechsouk.com\/wp-content\/uploads\/2023\/04\/wyqZBfE6Sd6Vgjj92lfVbg-scaled.jpg\",\"datePublished\":\"2023-04-08T15:00:43+00:00\",\"dateModified\":\"2025-01-24T13:06:32+00:00\",\"breadcrumb\":{\"@id\":\"https:\/\/omarrakechsouk.com\/index.php\/produit\/coffre-en-feuille-de-palmier-80\/#breadcrumb\"},\"inLanguage\":\"fr-FR\",\"potentialAction\":[{\"@type\":\"ReadAction\",\"target\":[\"https:\/\/omarrakechsouk.com\/index.php\/produit\/coffre-en-feuille-de-palmier-80\/\"]}]},{\"@type\":\"ImageObject\",\"inLanguage\":\"fr-FR\",\"@id\":\"https:\/\/omarrakechsouk.com\/index.php\/produit\/coffre-en-feuille-de-palmier-80\/#primaryimage\",\"url\":\"https:\/\/omarrakechsouk.com\/wp-content\/uploads\/2023\/04\/wyqZBfE6Sd6Vgjj92lfVbg-scaled.jpg\",\"contentUrl\":\"https:\/\/omarrakechsouk.com\/wp-content\/uploads\/2023\/04\/wyqZBfE6Sd6Vgjj92lfVbg-scaled.jpg\",\"width\":1920,\"height\":2560},{\"@type\":\"BreadcrumbList\",\"@id\":\"https:\/\/omarrakechsouk.com\/index.php\/produit\/coffre-en-feuille-de-palmier-80\/#breadcrumb\",\"itemListElement\":[{\"@type\":\"ListItem\",\"position\":1,\"name\":\"Accueil\",\"item\":\"https:\/\/omarrakechsouk.com\/\"},{\"@type\":\"ListItem\",\"position\":2,\"name\":\"Boutique\",\"item\":\"https:\/\/omarrakechsouk.com\/index.php\/boutique\/\"},{\"@type\":\"ListItem\",\"position\":3,\"name\":\"COFFRE EN FEUILLE DE PALMIER 80\"}]},{\"@type\":\"WebSite\",\"@id\":\"https:\/\/omarrakechsouk.com\/#website\",\"url\":\"https:\/\/omarrakechsouk.com\/\",\"name\":\"OMARRAKECHSOUK\",\"description\":\"Artisanat Marocain\",\"potentialAction\":[{\"@type\":\"SearchAction\",\"target\":{\"@type\":\"EntryPoint\",\"urlTemplate\":\"https:\/\/omarrakechsouk.com\/?s={search_term_string}\"},\"query-input\":{\"@type\":\"PropertyValueSpecification\",\"valueRequired\":true,\"valueName\":\"search_term_string\"}}],\"inLanguage\":\"fr-FR\"}]}<\/script>\n<!-- \/ Yoast SEO plugin. -->","yoast_head_json":{"title":"COFFRE EN FEUILLE DE PALMIER 80 - OMARRAKECHSOUK","robots":{"index":"index","follow":"follow","max-snippet":"max-snippet:-1","max-image-preview":"max-image-preview:large","max-video-preview":"max-video-preview:-1"},"canonical":"https:\/\/omarrakechsouk.com\/index.php\/produit\/coffre-en-feuille-de-palmier-80\/","og_locale":"fr_FR","og_type":"article","og_title":"COFFRE EN FEUILLE DE PALMIER 80 - OMARRAKECHSOUK","og_description":"Coffre de rangement en feuille de palmier avec couvercle et anses ; \u00a0parfait pour vos rangements .  dans une chambre d enfants , pour ranger des jouets , vos plaids dans un coin du salon .  dimensions : L80 * 39*H 35 cm  d'un coffre \u00e0 un autre les dimensions peuvent vari\u00e9es de quelques mm  r\u00e9alis\u00e9 par nos artisans \u00e0 Marrakech .  Mati\u00e8re : naturelle feuille de palmier","og_url":"https:\/\/omarrakechsouk.com\/index.php\/produit\/coffre-en-feuille-de-palmier-80\/","og_site_name":"OMARRAKECHSOUK","article_modified_time":"2025-01-24T13:06:32+00:00","og_image":[{"width":1920,"height":2560,"url":"https:\/\/omarrakechsouk.com\/wp-content\/uploads\/2023\/04\/wyqZBfE6Sd6Vgjj92lfVbg-scaled.jpg","type":"image\/jpeg"}],"twitter_card":"summary_large_image","twitter_misc":{"Dur\u00e9e de lecture estim\u00e9e":"1 minute"},"schema":{"@context":"https:\/\/schema.org","@graph":[{"@type":"WebPage","@id":"https:\/\/omarrakechsouk.com\/index.php\/produit\/coffre-en-feuille-de-palmier-80\/","url":"https:\/\/omarrakechsouk.com\/index.php\/produit\/coffre-en-feuille-de-palmier-80\/","name":"COFFRE EN FEUILLE DE PALMIER 80 - OMARRAKECHSOUK","isPartOf":{"@id":"https:\/\/omarrakechsouk.com\/#website"},"primaryImageOfPage":{"@id":"https:\/\/omarrakechsouk.com\/index.php\/produit\/coffre-en-feuille-de-palmier-80\/#primaryimage"},"image":{"@id":"https:\/\/omarrakechsouk.com\/index.php\/produit\/coffre-en-feuille-de-palmier-80\/#primaryimage"},"thumbnailUrl":"https:\/\/omarrakechsouk.com\/wp-content\/uploads\/2023\/04\/wyqZBfE6Sd6Vgjj92lfVbg-scaled.jpg","datePublished":"2023-04-08T15:00:43+00:00","dateModified":"2025-01-24T13:06:32+00:00","breadcrumb":{"@id":"https:\/\/omarrakechsouk.com\/index.php\/produit\/coffre-en-feuille-de-palmier-80\/#breadcrumb"},"inLanguage":"fr-FR","potentialAction":[{"@type":"ReadAction","target":["https:\/\/omarrakechsouk.com\/index.php\/produit\/coffre-en-feuille-de-palmier-80\/"]}]},{"@type":"ImageObject","inLanguage":"fr-FR","@id":"https:\/\/omarrakechsouk.com\/index.php\/produit\/coffre-en-feuille-de-palmier-80\/#primaryimage","url":"https:\/\/omarrakechsouk.com\/wp-content\/uploads\/2023\/04\/wyqZBfE6Sd6Vgjj92lfVbg-scaled.jpg","contentUrl":"https:\/\/omarrakechsouk.com\/wp-content\/uploads\/2023\/04\/wyqZBfE6Sd6Vgjj92lfVbg-scaled.jpg","width":1920,"height":2560},{"@type":"BreadcrumbList","@id":"https:\/\/omarrakechsouk.com\/index.php\/produit\/coffre-en-feuille-de-palmier-80\/#breadcrumb","itemListElement":[{"@type":"ListItem","position":1,"name":"Accueil","item":"https:\/\/omarrakechsouk.com\/"},{"@type":"ListItem","position":2,"name":"Boutique","item":"https:\/\/omarrakechsouk.com\/index.php\/boutique\/"},{"@type":"ListItem","position":3,"name":"COFFRE EN FEUILLE DE PALMIER 80"}]},{"@type":"WebSite","@id":"https:\/\/omarrakechsouk.com\/#website","url":"https:\/\/omarrakechsouk.com\/","name":"OMARRAKECHSOUK","description":"Artisanat Marocain","potentialAction":[{"@type":"SearchAction","target":{"@type":"EntryPoint","urlTemplate":"https:\/\/omarrakechsouk.com\/?s={search_term_string}"},"query-input":{"@type":"PropertyValueSpecification","valueRequired":true,"valueName":"search_term_string"}}],"inLanguage":"fr-FR"}]}},"jetpack_sharing_enabled":true,"_links":{"self":[{"href":"https:\/\/omarrakechsouk.com\/index.php\/wp-json\/wp\/v2\/product\/2376","targetHints":{"allow":["GET"]}}],"collection":[{"href":"https:\/\/omarrakechsouk.com\/index.php\/wp-json\/wp\/v2\/product"}],"about":[{"href":"https:\/\/omarrakechsouk.com\/index.php\/wp-json\/wp\/v2\/types\/product"}],"wp:featuredmedia":[{"embeddable":true,"href":"https:\/\/omarrakechsouk.com\/index.php\/wp-json\/wp\/v2\/media\/2377"}],"wp:attachment":[{"href":"https:\/\/omarrakechsouk.com\/index.php\/wp-json\/wp\/v2\/media?parent=2376"}],"wp:term":[{"taxonomy":"product_cat","embeddable":true,"href":"https:\/\/omarrakechsouk.com\/index.php\/wp-json\/wp\/v2\/product_cat?post=2376"},{"taxonomy":"product_tag","embeddable":true,"href":"https:\/\/omarrakechsouk.com\/index.php\/wp-json\/wp\/v2\/product_tag?post=2376"}],"curies":[{"name":"wp","href":"https:\/\/api.w.org\/{rel}","templated":true}]}}