{"id":1901,"date":"2022-09-27T15:43:31","date_gmt":"2022-09-27T13:43:31","guid":{"rendered":"https:\/\/omarrakechsouk.com\/?post_type=product&#038;p=1901"},"modified":"2022-09-27T15:43:31","modified_gmt":"2022-09-27T13:43:31","slug":"verre-beldi-transparent","status":"publish","type":"product","link":"https:\/\/omarrakechsouk.com\/index.php\/produit\/verre-beldi-transparent\/","title":{"rendered":"VERRE BELDI TRANSPARENT"},"content":{"rendered":"<p>Verre beldi transparent pour servir un bon th\u00e9 \u00e0 la menthe .<\/p>\n<p>&nbsp;<\/p>\n","protected":false},"excerpt":{"rendered":"<p>Verre Beldi transparent<\/p>\n<p>pour servir le th\u00e9 ou m\u00eame pour le caf\u00e9 , les verres beldi sont parfaits.<\/p>\n<p>Je conseille un lavage \u00e0 la main.<\/p>\n<p>\u00e9viter le lave vaisselle.<\/p>\n<p>Dimensions \/ H 10* 6 cm.<\/p>\n","protected":false},"featured_media":1904,"template":"","meta":[],"product_cat":[20,131,115],"product_tag":[],"class_list":{"0":"post-1901","1":"product","2":"type-product","3":"status-publish","4":"has-post-thumbnail","6":"product_cat-art-de-la-table","7":"product_cat-beldi","8":"product_cat-beldi-collection","10":"first","11":"instock","12":"purchasable","13":"product-type-simple"},"yoast_head":"<!-- This site is optimized with the Yoast SEO plugin v24.7 - https:\/\/yoast.com\/wordpress\/plugins\/seo\/ -->\n<title>VERRE BELDI TRANSPARENT - OMARRAKECHSOUK<\/title>\n<meta name=\"robots\" content=\"index, follow, max-snippet:-1, max-image-preview:large, max-video-preview:-1\" \/>\n<link rel=\"canonical\" href=\"https:\/\/omarrakechsouk.com\/index.php\/produit\/verre-beldi-transparent\/\" \/>\n<meta property=\"og:locale\" content=\"fr_FR\" \/>\n<meta property=\"og:type\" content=\"article\" \/>\n<meta property=\"og:title\" content=\"VERRE BELDI TRANSPARENT - OMARRAKECHSOUK\" \/>\n<meta property=\"og:description\" content=\"Verre Beldi transparent  pour servir le th\u00e9 ou m\u00eame pour le caf\u00e9 , les verres beldi sont parfaits.  Je conseille un lavage \u00e0 la main.  \u00e9viter le lave vaisselle.  Dimensions \/ H 10* 6 cm.\" \/>\n<meta property=\"og:url\" content=\"https:\/\/omarrakechsouk.com\/index.php\/produit\/verre-beldi-transparent\/\" \/>\n<meta property=\"og:site_name\" content=\"OMARRAKECHSOUK\" \/>\n<meta property=\"og:image\" content=\"https:\/\/omarrakechsouk.com\/wp-content\/uploads\/2022\/09\/Db9PoWy8SRWl9yiJidAvjw-scaled.jpg\" \/>\n\t<meta property=\"og:image:width\" content=\"1920\" \/>\n\t<meta property=\"og:image:height\" content=\"2560\" \/>\n\t<meta property=\"og:image:type\" content=\"image\/jpeg\" \/>\n<meta name=\"twitter:card\" content=\"summary_large_image\" \/>\n<script type=\"application\/ld+json\" class=\"yoast-schema-graph\">{\"@context\":\"https:\/\/schema.org\",\"@graph\":[{\"@type\":\"WebPage\",\"@id\":\"https:\/\/omarrakechsouk.com\/index.php\/produit\/verre-beldi-transparent\/\",\"url\":\"https:\/\/omarrakechsouk.com\/index.php\/produit\/verre-beldi-transparent\/\",\"name\":\"VERRE BELDI TRANSPARENT - OMARRAKECHSOUK\",\"isPartOf\":{\"@id\":\"https:\/\/omarrakechsouk.com\/#website\"},\"primaryImageOfPage\":{\"@id\":\"https:\/\/omarrakechsouk.com\/index.php\/produit\/verre-beldi-transparent\/#primaryimage\"},\"image\":{\"@id\":\"https:\/\/omarrakechsouk.com\/index.php\/produit\/verre-beldi-transparent\/#primaryimage\"},\"thumbnailUrl\":\"https:\/\/omarrakechsouk.com\/wp-content\/uploads\/2022\/09\/Db9PoWy8SRWl9yiJidAvjw-scaled.jpg\",\"datePublished\":\"2022-09-27T13:43:31+00:00\",\"breadcrumb\":{\"@id\":\"https:\/\/omarrakechsouk.com\/index.php\/produit\/verre-beldi-transparent\/#breadcrumb\"},\"inLanguage\":\"fr-FR\",\"potentialAction\":[{\"@type\":\"ReadAction\",\"target\":[\"https:\/\/omarrakechsouk.com\/index.php\/produit\/verre-beldi-transparent\/\"]}]},{\"@type\":\"ImageObject\",\"inLanguage\":\"fr-FR\",\"@id\":\"https:\/\/omarrakechsouk.com\/index.php\/produit\/verre-beldi-transparent\/#primaryimage\",\"url\":\"https:\/\/omarrakechsouk.com\/wp-content\/uploads\/2022\/09\/Db9PoWy8SRWl9yiJidAvjw-scaled.jpg\",\"contentUrl\":\"https:\/\/omarrakechsouk.com\/wp-content\/uploads\/2022\/09\/Db9PoWy8SRWl9yiJidAvjw-scaled.jpg\",\"width\":1920,\"height\":2560},{\"@type\":\"BreadcrumbList\",\"@id\":\"https:\/\/omarrakechsouk.com\/index.php\/produit\/verre-beldi-transparent\/#breadcrumb\",\"itemListElement\":[{\"@type\":\"ListItem\",\"position\":1,\"name\":\"Accueil\",\"item\":\"https:\/\/omarrakechsouk.com\/\"},{\"@type\":\"ListItem\",\"position\":2,\"name\":\"Boutique\",\"item\":\"https:\/\/omarrakechsouk.com\/index.php\/boutique\/\"},{\"@type\":\"ListItem\",\"position\":3,\"name\":\"VERRE BELDI TRANSPARENT\"}]},{\"@type\":\"WebSite\",\"@id\":\"https:\/\/omarrakechsouk.com\/#website\",\"url\":\"https:\/\/omarrakechsouk.com\/\",\"name\":\"OMARRAKECHSOUK\",\"description\":\"Artisanat Marocain\",\"potentialAction\":[{\"@type\":\"SearchAction\",\"target\":{\"@type\":\"EntryPoint\",\"urlTemplate\":\"https:\/\/omarrakechsouk.com\/?s={search_term_string}\"},\"query-input\":{\"@type\":\"PropertyValueSpecification\",\"valueRequired\":true,\"valueName\":\"search_term_string\"}}],\"inLanguage\":\"fr-FR\"}]}<\/script>\n<!-- \/ Yoast SEO plugin. -->","yoast_head_json":{"title":"VERRE BELDI TRANSPARENT - OMARRAKECHSOUK","robots":{"index":"index","follow":"follow","max-snippet":"max-snippet:-1","max-image-preview":"max-image-preview:large","max-video-preview":"max-video-preview:-1"},"canonical":"https:\/\/omarrakechsouk.com\/index.php\/produit\/verre-beldi-transparent\/","og_locale":"fr_FR","og_type":"article","og_title":"VERRE BELDI TRANSPARENT - OMARRAKECHSOUK","og_description":"Verre Beldi transparent  pour servir le th\u00e9 ou m\u00eame pour le caf\u00e9 , les verres beldi sont parfaits.  Je conseille un lavage \u00e0 la main.  \u00e9viter le lave vaisselle.  Dimensions \/ H 10* 6 cm.","og_url":"https:\/\/omarrakechsouk.com\/index.php\/produit\/verre-beldi-transparent\/","og_site_name":"OMARRAKECHSOUK","og_image":[{"width":1920,"height":2560,"url":"https:\/\/omarrakechsouk.com\/wp-content\/uploads\/2022\/09\/Db9PoWy8SRWl9yiJidAvjw-scaled.jpg","type":"image\/jpeg"}],"twitter_card":"summary_large_image","schema":{"@context":"https:\/\/schema.org","@graph":[{"@type":"WebPage","@id":"https:\/\/omarrakechsouk.com\/index.php\/produit\/verre-beldi-transparent\/","url":"https:\/\/omarrakechsouk.com\/index.php\/produit\/verre-beldi-transparent\/","name":"VERRE BELDI TRANSPARENT - OMARRAKECHSOUK","isPartOf":{"@id":"https:\/\/omarrakechsouk.com\/#website"},"primaryImageOfPage":{"@id":"https:\/\/omarrakechsouk.com\/index.php\/produit\/verre-beldi-transparent\/#primaryimage"},"image":{"@id":"https:\/\/omarrakechsouk.com\/index.php\/produit\/verre-beldi-transparent\/#primaryimage"},"thumbnailUrl":"https:\/\/omarrakechsouk.com\/wp-content\/uploads\/2022\/09\/Db9PoWy8SRWl9yiJidAvjw-scaled.jpg","datePublished":"2022-09-27T13:43:31+00:00","breadcrumb":{"@id":"https:\/\/omarrakechsouk.com\/index.php\/produit\/verre-beldi-transparent\/#breadcrumb"},"inLanguage":"fr-FR","potentialAction":[{"@type":"ReadAction","target":["https:\/\/omarrakechsouk.com\/index.php\/produit\/verre-beldi-transparent\/"]}]},{"@type":"ImageObject","inLanguage":"fr-FR","@id":"https:\/\/omarrakechsouk.com\/index.php\/produit\/verre-beldi-transparent\/#primaryimage","url":"https:\/\/omarrakechsouk.com\/wp-content\/uploads\/2022\/09\/Db9PoWy8SRWl9yiJidAvjw-scaled.jpg","contentUrl":"https:\/\/omarrakechsouk.com\/wp-content\/uploads\/2022\/09\/Db9PoWy8SRWl9yiJidAvjw-scaled.jpg","width":1920,"height":2560},{"@type":"BreadcrumbList","@id":"https:\/\/omarrakechsouk.com\/index.php\/produit\/verre-beldi-transparent\/#breadcrumb","itemListElement":[{"@type":"ListItem","position":1,"name":"Accueil","item":"https:\/\/omarrakechsouk.com\/"},{"@type":"ListItem","position":2,"name":"Boutique","item":"https:\/\/omarrakechsouk.com\/index.php\/boutique\/"},{"@type":"ListItem","position":3,"name":"VERRE BELDI TRANSPARENT"}]},{"@type":"WebSite","@id":"https:\/\/omarrakechsouk.com\/#website","url":"https:\/\/omarrakechsouk.com\/","name":"OMARRAKECHSOUK","description":"Artisanat Marocain","potentialAction":[{"@type":"SearchAction","target":{"@type":"EntryPoint","urlTemplate":"https:\/\/omarrakechsouk.com\/?s={search_term_string}"},"query-input":{"@type":"PropertyValueSpecification","valueRequired":true,"valueName":"search_term_string"}}],"inLanguage":"fr-FR"}]}},"jetpack_sharing_enabled":true,"_links":{"self":[{"href":"https:\/\/omarrakechsouk.com\/index.php\/wp-json\/wp\/v2\/product\/1901","targetHints":{"allow":["GET"]}}],"collection":[{"href":"https:\/\/omarrakechsouk.com\/index.php\/wp-json\/wp\/v2\/product"}],"about":[{"href":"https:\/\/omarrakechsouk.com\/index.php\/wp-json\/wp\/v2\/types\/product"}],"wp:featuredmedia":[{"embeddable":true,"href":"https:\/\/omarrakechsouk.com\/index.php\/wp-json\/wp\/v2\/media\/1904"}],"wp:attachment":[{"href":"https:\/\/omarrakechsouk.com\/index.php\/wp-json\/wp\/v2\/media?parent=1901"}],"wp:term":[{"taxonomy":"product_cat","embeddable":true,"href":"https:\/\/omarrakechsouk.com\/index.php\/wp-json\/wp\/v2\/product_cat?post=1901"},{"taxonomy":"product_tag","embeddable":true,"href":"https:\/\/omarrakechsouk.com\/index.php\/wp-json\/wp\/v2\/product_tag?post=1901"}],"curies":[{"name":"wp","href":"https:\/\/api.w.org\/{rel}","templated":true}]}}