{"id":1872,"date":"2022-09-22T12:03:05","date_gmt":"2022-09-22T10:03:05","guid":{"rendered":"https:\/\/omarrakechsouk.com\/?post_type=product&#038;p=1872"},"modified":"2024-10-23T15:57:07","modified_gmt":"2024-10-23T13:57:07","slug":"lampe-yasmine-2","status":"publish","type":"product","link":"https:\/\/omarrakechsouk.com\/index.php\/produit\/lampe-yasmine-2\/","title":{"rendered":"LAMPE YASMINE"},"content":{"rendered":"<p>Lampe en raphia apportera un cote chic et naturel \u00e0 votre d\u00e9coration .<\/p>\n<p>A poser sur une table.<\/p>\n","protected":false},"excerpt":{"rendered":"<p>Lampe Yasmine<\/p>\n<p>lampe en raphia , tiss\u00e9e \u00e0 la main par nos artisans sur Marrakech.<\/p>\n<p>couleur : raphia naturel<\/p>\n<p>ambiance chaleureuse<\/p>\n<p>vendue sans syst\u00e8me \u00e9lectrique .<\/p>\n<p>Dimensions : 77 cm * 41,5.<\/p>\n<p>&nbsp;<\/p>\n<p>&nbsp;<\/p>\n<p>&nbsp;<\/p>\n<p>&nbsp;<\/p>\n<p>&nbsp;<\/p>\n<p>&nbsp;<\/p>\n<p>&nbsp;<\/p>\n","protected":false},"featured_media":1868,"template":"","meta":[],"product_cat":[15,148],"product_tag":[],"class_list":{"0":"post-1872","1":"product","2":"type-product","3":"status-publish","4":"has-post-thumbnail","6":"product_cat-nouveautes","7":"product_cat-lampes","9":"first","10":"instock","11":"sold-individually","12":"purchasable","13":"product-type-simple"},"yoast_head":"<!-- This site is optimized with the Yoast SEO plugin v24.7 - https:\/\/yoast.com\/wordpress\/plugins\/seo\/ -->\n<title>LAMPE YASMINE - OMARRAKECHSOUK<\/title>\n<meta name=\"robots\" content=\"index, follow, max-snippet:-1, max-image-preview:large, max-video-preview:-1\" \/>\n<link rel=\"canonical\" href=\"https:\/\/omarrakechsouk.com\/index.php\/produit\/lampe-yasmine-2\/\" \/>\n<meta property=\"og:locale\" content=\"fr_FR\" \/>\n<meta property=\"og:type\" content=\"article\" \/>\n<meta property=\"og:title\" content=\"LAMPE YASMINE - OMARRAKECHSOUK\" \/>\n<meta property=\"og:description\" content=\"Lampe Yasmine  lampe en raphia , tiss\u00e9e \u00e0 la main par nos artisans sur Marrakech.  couleur : raphia naturel  ambiance chaleureuse  vendue sans syst\u00e8me \u00e9lectrique .  Dimensions : 77 cm * 41,5.  &nbsp;  &nbsp;  &nbsp;  &nbsp;  &nbsp;  &nbsp;  &nbsp;\" \/>\n<meta property=\"og:url\" content=\"https:\/\/omarrakechsouk.com\/index.php\/produit\/lampe-yasmine-2\/\" \/>\n<meta property=\"og:site_name\" content=\"OMARRAKECHSOUK\" \/>\n<meta property=\"article:modified_time\" content=\"2024-10-23T13:57:07+00:00\" \/>\n<meta property=\"og:image\" content=\"https:\/\/omarrakechsouk.com\/wp-content\/uploads\/2022\/09\/oUDa76TRZ2j2YWJPneWg-scaled.jpg\" \/>\n\t<meta property=\"og:image:width\" content=\"1920\" \/>\n\t<meta property=\"og:image:height\" content=\"2560\" \/>\n\t<meta property=\"og:image:type\" content=\"image\/jpeg\" \/>\n<meta name=\"twitter:card\" content=\"summary_large_image\" \/>\n<meta name=\"twitter:label1\" content=\"Dur\u00e9e de lecture estim\u00e9e\" \/>\n\t<meta name=\"twitter:data1\" content=\"1 minute\" \/>\n<script type=\"application\/ld+json\" class=\"yoast-schema-graph\">{\"@context\":\"https:\/\/schema.org\",\"@graph\":[{\"@type\":\"WebPage\",\"@id\":\"https:\/\/omarrakechsouk.com\/index.php\/produit\/lampe-yasmine-2\/\",\"url\":\"https:\/\/omarrakechsouk.com\/index.php\/produit\/lampe-yasmine-2\/\",\"name\":\"LAMPE YASMINE - OMARRAKECHSOUK\",\"isPartOf\":{\"@id\":\"https:\/\/omarrakechsouk.com\/#website\"},\"primaryImageOfPage\":{\"@id\":\"https:\/\/omarrakechsouk.com\/index.php\/produit\/lampe-yasmine-2\/#primaryimage\"},\"image\":{\"@id\":\"https:\/\/omarrakechsouk.com\/index.php\/produit\/lampe-yasmine-2\/#primaryimage\"},\"thumbnailUrl\":\"https:\/\/omarrakechsouk.com\/wp-content\/uploads\/2022\/09\/oUDa76TRZ2j2YWJPneWg-scaled.jpg\",\"datePublished\":\"2022-09-22T10:03:05+00:00\",\"dateModified\":\"2024-10-23T13:57:07+00:00\",\"breadcrumb\":{\"@id\":\"https:\/\/omarrakechsouk.com\/index.php\/produit\/lampe-yasmine-2\/#breadcrumb\"},\"inLanguage\":\"fr-FR\",\"potentialAction\":[{\"@type\":\"ReadAction\",\"target\":[\"https:\/\/omarrakechsouk.com\/index.php\/produit\/lampe-yasmine-2\/\"]}]},{\"@type\":\"ImageObject\",\"inLanguage\":\"fr-FR\",\"@id\":\"https:\/\/omarrakechsouk.com\/index.php\/produit\/lampe-yasmine-2\/#primaryimage\",\"url\":\"https:\/\/omarrakechsouk.com\/wp-content\/uploads\/2022\/09\/oUDa76TRZ2j2YWJPneWg-scaled.jpg\",\"contentUrl\":\"https:\/\/omarrakechsouk.com\/wp-content\/uploads\/2022\/09\/oUDa76TRZ2j2YWJPneWg-scaled.jpg\",\"width\":1920,\"height\":2560},{\"@type\":\"BreadcrumbList\",\"@id\":\"https:\/\/omarrakechsouk.com\/index.php\/produit\/lampe-yasmine-2\/#breadcrumb\",\"itemListElement\":[{\"@type\":\"ListItem\",\"position\":1,\"name\":\"Accueil\",\"item\":\"https:\/\/omarrakechsouk.com\/\"},{\"@type\":\"ListItem\",\"position\":2,\"name\":\"Boutique\",\"item\":\"https:\/\/omarrakechsouk.com\/index.php\/boutique\/\"},{\"@type\":\"ListItem\",\"position\":3,\"name\":\"LAMPE YASMINE\"}]},{\"@type\":\"WebSite\",\"@id\":\"https:\/\/omarrakechsouk.com\/#website\",\"url\":\"https:\/\/omarrakechsouk.com\/\",\"name\":\"OMARRAKECHSOUK\",\"description\":\"Artisanat Marocain\",\"potentialAction\":[{\"@type\":\"SearchAction\",\"target\":{\"@type\":\"EntryPoint\",\"urlTemplate\":\"https:\/\/omarrakechsouk.com\/?s={search_term_string}\"},\"query-input\":{\"@type\":\"PropertyValueSpecification\",\"valueRequired\":true,\"valueName\":\"search_term_string\"}}],\"inLanguage\":\"fr-FR\"}]}<\/script>\n<!-- \/ Yoast SEO plugin. -->","yoast_head_json":{"title":"LAMPE YASMINE - OMARRAKECHSOUK","robots":{"index":"index","follow":"follow","max-snippet":"max-snippet:-1","max-image-preview":"max-image-preview:large","max-video-preview":"max-video-preview:-1"},"canonical":"https:\/\/omarrakechsouk.com\/index.php\/produit\/lampe-yasmine-2\/","og_locale":"fr_FR","og_type":"article","og_title":"LAMPE YASMINE - OMARRAKECHSOUK","og_description":"Lampe Yasmine  lampe en raphia , tiss\u00e9e \u00e0 la main par nos artisans sur Marrakech.  couleur : raphia naturel  ambiance chaleureuse  vendue sans syst\u00e8me \u00e9lectrique .  Dimensions : 77 cm * 41,5.  &nbsp;  &nbsp;  &nbsp;  &nbsp;  &nbsp;  &nbsp;  &nbsp;","og_url":"https:\/\/omarrakechsouk.com\/index.php\/produit\/lampe-yasmine-2\/","og_site_name":"OMARRAKECHSOUK","article_modified_time":"2024-10-23T13:57:07+00:00","og_image":[{"width":1920,"height":2560,"url":"https:\/\/omarrakechsouk.com\/wp-content\/uploads\/2022\/09\/oUDa76TRZ2j2YWJPneWg-scaled.jpg","type":"image\/jpeg"}],"twitter_card":"summary_large_image","twitter_misc":{"Dur\u00e9e de lecture estim\u00e9e":"1 minute"},"schema":{"@context":"https:\/\/schema.org","@graph":[{"@type":"WebPage","@id":"https:\/\/omarrakechsouk.com\/index.php\/produit\/lampe-yasmine-2\/","url":"https:\/\/omarrakechsouk.com\/index.php\/produit\/lampe-yasmine-2\/","name":"LAMPE YASMINE - OMARRAKECHSOUK","isPartOf":{"@id":"https:\/\/omarrakechsouk.com\/#website"},"primaryImageOfPage":{"@id":"https:\/\/omarrakechsouk.com\/index.php\/produit\/lampe-yasmine-2\/#primaryimage"},"image":{"@id":"https:\/\/omarrakechsouk.com\/index.php\/produit\/lampe-yasmine-2\/#primaryimage"},"thumbnailUrl":"https:\/\/omarrakechsouk.com\/wp-content\/uploads\/2022\/09\/oUDa76TRZ2j2YWJPneWg-scaled.jpg","datePublished":"2022-09-22T10:03:05+00:00","dateModified":"2024-10-23T13:57:07+00:00","breadcrumb":{"@id":"https:\/\/omarrakechsouk.com\/index.php\/produit\/lampe-yasmine-2\/#breadcrumb"},"inLanguage":"fr-FR","potentialAction":[{"@type":"ReadAction","target":["https:\/\/omarrakechsouk.com\/index.php\/produit\/lampe-yasmine-2\/"]}]},{"@type":"ImageObject","inLanguage":"fr-FR","@id":"https:\/\/omarrakechsouk.com\/index.php\/produit\/lampe-yasmine-2\/#primaryimage","url":"https:\/\/omarrakechsouk.com\/wp-content\/uploads\/2022\/09\/oUDa76TRZ2j2YWJPneWg-scaled.jpg","contentUrl":"https:\/\/omarrakechsouk.com\/wp-content\/uploads\/2022\/09\/oUDa76TRZ2j2YWJPneWg-scaled.jpg","width":1920,"height":2560},{"@type":"BreadcrumbList","@id":"https:\/\/omarrakechsouk.com\/index.php\/produit\/lampe-yasmine-2\/#breadcrumb","itemListElement":[{"@type":"ListItem","position":1,"name":"Accueil","item":"https:\/\/omarrakechsouk.com\/"},{"@type":"ListItem","position":2,"name":"Boutique","item":"https:\/\/omarrakechsouk.com\/index.php\/boutique\/"},{"@type":"ListItem","position":3,"name":"LAMPE YASMINE"}]},{"@type":"WebSite","@id":"https:\/\/omarrakechsouk.com\/#website","url":"https:\/\/omarrakechsouk.com\/","name":"OMARRAKECHSOUK","description":"Artisanat Marocain","potentialAction":[{"@type":"SearchAction","target":{"@type":"EntryPoint","urlTemplate":"https:\/\/omarrakechsouk.com\/?s={search_term_string}"},"query-input":{"@type":"PropertyValueSpecification","valueRequired":true,"valueName":"search_term_string"}}],"inLanguage":"fr-FR"}]}},"jetpack_sharing_enabled":true,"_links":{"self":[{"href":"https:\/\/omarrakechsouk.com\/index.php\/wp-json\/wp\/v2\/product\/1872","targetHints":{"allow":["GET"]}}],"collection":[{"href":"https:\/\/omarrakechsouk.com\/index.php\/wp-json\/wp\/v2\/product"}],"about":[{"href":"https:\/\/omarrakechsouk.com\/index.php\/wp-json\/wp\/v2\/types\/product"}],"wp:featuredmedia":[{"embeddable":true,"href":"https:\/\/omarrakechsouk.com\/index.php\/wp-json\/wp\/v2\/media\/1868"}],"wp:attachment":[{"href":"https:\/\/omarrakechsouk.com\/index.php\/wp-json\/wp\/v2\/media?parent=1872"}],"wp:term":[{"taxonomy":"product_cat","embeddable":true,"href":"https:\/\/omarrakechsouk.com\/index.php\/wp-json\/wp\/v2\/product_cat?post=1872"},{"taxonomy":"product_tag","embeddable":true,"href":"https:\/\/omarrakechsouk.com\/index.php\/wp-json\/wp\/v2\/product_tag?post=1872"}],"curies":[{"name":"wp","href":"https:\/\/api.w.org\/{rel}","templated":true}]}}